{"id":3424,"date":"2023-07-10T15:38:55","date_gmt":"2023-07-10T13:38:55","guid":{"rendered":"https:\/\/kolping-recruiting.com\/pie-de-imprenta\/"},"modified":"2026-03-18T07:28:36","modified_gmt":"2026-03-18T06:28:36","slug":"pie-de-imprenta","status":"publish","type":"page","link":"https:\/\/kolping-recruiting.com\/es\/pie-de-imprenta\/","title":{"rendered":"Pie de imprenta"},"content":{"rendered":"\t\t<div data-elementor-type=\"wp-page\" data-elementor-id=\"3424\" class=\"elementor elementor-3424 elementor-172\">\n\t\t\t\t\t\t<section class=\"elementor-section elementor-top-section elementor-element elementor-element-6dd2affa elementor-section-stretched elementor-section-boxed elementor-section-height-default elementor-section-height-default\" data-id=\"6dd2affa\" data-element_type=\"section\" data-e-type=\"section\" data-settings=\"{&quot;stretch_section&quot;:&quot;section-stretched&quot;,&quot;background_background&quot;:&quot;classic&quot;,&quot;shape_divider_bottom&quot;:&quot;waves&quot;,&quot;shape_divider_bottom_negative&quot;:&quot;yes&quot;,&quot;animation&quot;:&quot;none&quot;,&quot;tmea_shape_divider_top&quot;:&quot;none&quot;,&quot;tmea_shape_divider_bottom&quot;:&quot;none&quot;}\">\n\t\t\t\t\t\t\t<div class=\"elementor-background-overlay\"><\/div>\n\t\t\t\t\t\t<div class=\"elementor-shape elementor-shape-bottom\" aria-hidden=\"true\" data-negative=\"true\">\n\t\t\t<svg xmlns=\"http:\/\/www.w3.org\/2000\/svg\" viewBox=\"0 0 1000 100\" preserveAspectRatio=\"none\">\n\t<path class=\"elementor-shape-fill\" d=\"M790.5,93.1c-59.3-5.3-116.8-18-192.6-50c-29.6-12.7-76.9-31-100.5-35.9c-23.6-4.9-52.6-7.8-75.5-5.3\n\tc-10.2,1.1-22.6,1.4-50.1,7.4c-27.2,6.3-58.2,16.6-79.4,24.7c-41.3,15.9-94.9,21.9-134,22.6C72,58.2,0,25.8,0,25.8V100h1000V65.3\n\tc0,0-51.5,19.4-106.2,25.7C839.5,97,814.1,95.2,790.5,93.1z\"\/>\n<\/svg>\t\t<\/div>\n\t\t\t\t\t<div class=\"elementor-container elementor-column-gap-default\">\n\t\t\t\t\t<div class=\"elementor-column elementor-col-100 elementor-top-column elementor-element elementor-element-795cd588\" data-id=\"795cd588\" data-element_type=\"column\" data-e-type=\"column\">\n\t\t\t<div class=\"elementor-widget-wrap elementor-element-populated\">\n\t\t\t\t\t\t<div class=\"elementor-element elementor-element-4f05452 elementor-widget elementor-widget-heading\" data-id=\"4f05452\" data-element_type=\"widget\" data-e-type=\"widget\" data-widget_type=\"heading.default\">\n\t\t\t\t<div class=\"elementor-widget-container\">\n\t\t\t\t\t<h2 class=\"elementor-heading-title elementor-size-default\">IMPRIMIR<\/h2>\t\t\t\t<\/div>\n\t\t\t\t<\/div>\n\t\t\t\t\t<\/div>\n\t\t<\/div>\n\t\t\t\t\t<\/div>\n\t\t<\/section>\n\t\t\t\t<section class=\"elementor-section elementor-top-section elementor-element elementor-element-291c717 elementor-section-boxed elementor-section-height-default elementor-section-height-default\" data-id=\"291c717\" data-element_type=\"section\" data-e-type=\"section\" data-settings=\"{&quot;background_background&quot;:&quot;classic&quot;,&quot;tmea_shape_divider_top&quot;:&quot;none&quot;,&quot;tmea_shape_divider_bottom&quot;:&quot;none&quot;}\">\n\t\t\t\t\t\t<div class=\"elementor-container elementor-column-gap-default\">\n\t\t\t\t\t<div class=\"elementor-column elementor-col-100 elementor-top-column elementor-element elementor-element-1c0b73a\" data-id=\"1c0b73a\" data-element_type=\"column\" data-e-type=\"column\">\n\t\t\t<div class=\"elementor-widget-wrap elementor-element-populated\">\n\t\t\t\t\n\t\t<div class=\"elementor-element elementor-element-525145f elementor-widget elementor-widget-text-editor\" data-id=\"525145f\" data-element_type=\"widget\" data-e-type=\"widget\" data-widget_type=\"text-editor.default\">\n\t\t\t\t<div class=\"elementor-widget-container\">\n\t\t\t\t\t\t\t\t\t<p><strong>Informaci\u00f3n seg\u00fan \u00a7 5 TMG<\/strong><\/p><p><strong>Kolping Recruiting &amp; Integration GmbH<br \/><\/strong>Am Busdorf 7 | 33098 Paderborn <br \/>y <br \/>Kolpingplatz 1 | 97070 W\u00fcrzburg<strong><br \/><\/strong><br \/><strong>Tribunal de Registro:<\/strong> <br \/>Juzgado de Primera Instancia de Paderborn<br \/>HRB 16393<\/p><p><strong>Representado por:<\/strong><br \/>Stefan Bothe (<span data-teams=\"true\">Gerente General)<br \/><\/span><\/p><p><strong>Contacte con<\/strong><br \/>Tel\u00e9fono W\u00fcrzburg: +49 931 \/ 4537-1125<br \/>Fax Paderborn: +49 5272 301 125 <br \/>Correo electr\u00f3nico: <a href=\"mailto:info@kolping-recruiting.com\">info@kolping-recruiting.com<\/a><\/p><p><strong>N\u00famero de identificaci\u00f3n fiscal<\/strong><br \/>N\u00famero de identificaci\u00f3n fiscal con arreglo al art\u00edculo 27 a de la Ley alemana del Impuesto sobre las Ventas:<br \/>solicitado<\/p><p><strong>Responsable editorial<br \/><\/strong>Kolping Recruiting &amp; Integration GmbH<br \/>Kolping Consultor\u00eda Educativa M\u00e9xico<\/p><p><strong>Resoluci\u00f3n de litigios en la UE<\/strong><br \/>La Comisi\u00f3n Europea ofrece una plataforma para la resoluci\u00f3n de litigios en l\u00ednea (ODR):<br \/><a href=\"https:\/\/ec.europa.eu\/consumers\/odr\"><strong>https:\/\/ec.europa.eu\/consumers\/odr<\/strong><\/a><br \/>Encontrar\u00e1 nuestra direcci\u00f3n de correo electr\u00f3nico en el pie de imprenta.<\/p><p><strong>Resoluci\u00f3n de litigios de consumo\/juntaarbitral universal<br \/><\/strong> No estamos dispuestos ni obligados a participar en un procedimiento de resoluci\u00f3n de litigios ante una junta arbitral de consumo.<\/p><p><strong>Responsabilidad por el contenido<\/strong><br \/>Como proveedor de servicios, estamos, de acuerdo con el art\u00edculo 7, apartado 1 TMG es responsable de su propio contenido en estas p\u00e1ginas de acuerdo con las leyes generales. Sin embargo, de acuerdo con los art\u00edculos 8 a 10 de la TMG, no estamos obligados como proveedores de servicios a supervisar la informaci\u00f3n de terceros transmitida o almacenada ni a investigar circunstancias que indiquen una actividad ilegal.<\/p><p>Esto no afecta a las obligaciones de eliminar o bloquear el uso de informaci\u00f3n de conformidad con las leyes generales. Sin embargo, la responsabilidad a este respecto s\u00f3lo es posible a partir del momento en que se tiene conocimiento de una infracci\u00f3n concreta. Si tenemos conocimiento de cualquier infracci\u00f3n de este tipo, eliminaremos este contenido inmediatamente.<\/p><p><strong>Responsabilidad de los enlaces<\/strong><br \/>Nuestra oferta contiene enlaces a sitios web externos de terceros, sobre cuyos contenidos no tenemos ninguna influencia. Por lo tanto, no podemos asumir ninguna responsabilidad por estos contenidos externos. El proveedor u operador de las p\u00e1ginas es siempre responsable del contenido de las p\u00e1ginas enlazadas. Las p\u00e1ginas enlazadas fueron revisadas para detectar posibles infracciones legales en el momento de enlazarlas. Los contenidos ilegales no eran reconocibles en el momento del enlace.<\/p><p>Sin embargo, un control permanente de los contenidos de las p\u00e1ginas enlazadas no es razonable sin indicios concretos de violaci\u00f3n de la ley. Si tenemos conocimiento de alguna infracci\u00f3n de la ley, eliminaremos dichos enlaces inmediatamente.<\/p><p><strong>Copyright<\/strong><br \/>Los contenidos y obras creados por los operadores del sitio en estas p\u00e1ginas est\u00e1n sujetos a la legislaci\u00f3n alemana sobre derechos de autor. La reproducci\u00f3n, edici\u00f3n, distribuci\u00f3n y cualquier tipo de utilizaci\u00f3n fuera de los l\u00edmites de la ley de propiedad intelectual requieren el consentimiento por escrito del autor o creador correspondiente. Las descargas y copias de esta p\u00e1gina s\u00f3lo est\u00e1n permitidas para uso privado y no comercial.<\/p><p>En la medida en que el contenido de esta p\u00e1gina no haya sido creado por el operador, se respetan los derechos de autor de terceros. En particular, los contenidos de terceros se identifican como tales. No obstante, si tiene conocimiento de una infracci\u00f3n de los derechos de autor, le rogamos que nos informe de ello. Si tenemos conocimiento de alguna infracci\u00f3n, eliminaremos dicho contenido inmediatamente.<\/p><p><strong>Fuente<\/strong><\/p><p><a href=\"http:\/\/www.e-recht24.de\/impressum-generator.html\"><strong>http:\/\/www.e-recht24.de\/impressum-generator.html<\/strong><\/a><\/p><p><strong>Cr\u00e9ditos de las im\u00e1genes<\/strong><\/p><p><span data-teams=\"true\">\u00a0<\/span><\/p>\t\t\t\t\t\t\t\t<\/div>\n\t\t\t\t<\/div>\n\t\t\t\t\t<\/div>\n\t\t<\/div>\n\t\t\t\t\t<\/div>\n\t\t<\/section>\n\t\t\t\t<\/div>\n\t\t","protected":false},"excerpt":{"rendered":"<p>IMPRIMIR Informaci\u00f3n seg\u00fan \u00a7 5 TMG Kolping Recruiting &amp; Integration GmbHAm Busdorf 7 | 33098 Paderborn y Kolpingplatz 1 | 97070 W\u00fcrzburgTribunal de Registro: Juzgado de Primera Instancia de PaderbornHRB 16393 Representado por:Stefan Bothe (Gerente General) Contacte conTel\u00e9fono W\u00fcrzburg: +49 931 \/ 4537-1125Fax Paderborn: +49 5272 301 125 Correo electr\u00f3nico: info@kolping-recruiting.com N\u00famero de identificaci\u00f3n fiscalN\u00famero [&hellip;]<\/p>\n","protected":false},"author":1,"featured_media":0,"parent":0,"menu_order":0,"comment_status":"closed","ping_status":"closed","template":"","meta":{"footnotes":""},"class_list":["post-3424","page","type-page","status-publish","hentry"],"_links":{"self":[{"href":"https:\/\/kolping-recruiting.com\/es\/wp-json\/wp\/v2\/pages\/3424","targetHints":{"allow":["GET"]}}],"collection":[{"href":"https:\/\/kolping-recruiting.com\/es\/wp-json\/wp\/v2\/pages"}],"about":[{"href":"https:\/\/kolping-recruiting.com\/es\/wp-json\/wp\/v2\/types\/page"}],"author":[{"embeddable":true,"href":"https:\/\/kolping-recruiting.com\/es\/wp-json\/wp\/v2\/users\/1"}],"replies":[{"embeddable":true,"href":"https:\/\/kolping-recruiting.com\/es\/wp-json\/wp\/v2\/comments?post=3424"}],"version-history":[{"count":8,"href":"https:\/\/kolping-recruiting.com\/es\/wp-json\/wp\/v2\/pages\/3424\/revisions"}],"predecessor-version":[{"id":7601,"href":"https:\/\/kolping-recruiting.com\/es\/wp-json\/wp\/v2\/pages\/3424\/revisions\/7601"}],"wp:attachment":[{"href":"https:\/\/kolping-recruiting.com\/es\/wp-json\/wp\/v2\/media?parent=3424"}],"curies":[{"name":"wp","href":"https:\/\/api.w.org\/{rel}","templated":true}]}}