{"id":7376,"date":"2025-05-08T08:27:29","date_gmt":"2025-05-08T06:27:29","guid":{"rendered":"https:\/\/kolping-recruiting.com\/declaracion-de-objetivos\/"},"modified":"2025-12-09T10:25:19","modified_gmt":"2025-12-09T09:25:19","slug":"declaracion-de-objetivos","status":"publish","type":"page","link":"https:\/\/kolping-recruiting.com\/es\/declaracion-de-objetivos\/","title":{"rendered":"Declaraci\u00f3n de objetivos"},"content":{"rendered":"\t\t<div data-elementor-type=\"wp-page\" data-elementor-id=\"7376\" class=\"elementor elementor-7376 elementor-7339\">\n\t\t\t\t\t\t<section class=\"elementor-section elementor-top-section elementor-element elementor-element-326d420d elementor-section-stretched elementor-section-boxed elementor-section-height-default elementor-section-height-default\" data-id=\"326d420d\" data-element_type=\"section\" data-e-type=\"section\" data-settings=\"{&quot;stretch_section&quot;:&quot;section-stretched&quot;,&quot;background_background&quot;:&quot;classic&quot;,&quot;shape_divider_bottom&quot;:&quot;waves&quot;,&quot;shape_divider_bottom_negative&quot;:&quot;yes&quot;,&quot;animation&quot;:&quot;none&quot;,&quot;tmea_shape_divider_top&quot;:&quot;none&quot;,&quot;tmea_shape_divider_bottom&quot;:&quot;none&quot;}\">\n\t\t\t\t\t\t\t<div class=\"elementor-background-overlay\"><\/div>\n\t\t\t\t\t\t<div class=\"elementor-shape elementor-shape-bottom\" aria-hidden=\"true\" data-negative=\"true\">\n\t\t\t<svg xmlns=\"http:\/\/www.w3.org\/2000\/svg\" viewBox=\"0 0 1000 100\" preserveAspectRatio=\"none\">\n\t<path class=\"elementor-shape-fill\" d=\"M790.5,93.1c-59.3-5.3-116.8-18-192.6-50c-29.6-12.7-76.9-31-100.5-35.9c-23.6-4.9-52.6-7.8-75.5-5.3\n\tc-10.2,1.1-22.6,1.4-50.1,7.4c-27.2,6.3-58.2,16.6-79.4,24.7c-41.3,15.9-94.9,21.9-134,22.6C72,58.2,0,25.8,0,25.8V100h1000V65.3\n\tc0,0-51.5,19.4-106.2,25.7C839.5,97,814.1,95.2,790.5,93.1z\"\/>\n<\/svg>\t\t<\/div>\n\t\t\t\t\t<div class=\"elementor-container elementor-column-gap-default\">\n\t\t\t\t\t<div class=\"elementor-column elementor-col-100 elementor-top-column elementor-element elementor-element-1a24dbed\" data-id=\"1a24dbed\" data-element_type=\"column\" data-e-type=\"column\">\n\t\t\t<div class=\"elementor-widget-wrap elementor-element-populated\">\n\t\t\t\t\t\t<div class=\"elementor-element elementor-element-4fc079d9 elementor-widget elementor-widget-heading\" data-id=\"4fc079d9\" data-element_type=\"widget\" data-e-type=\"widget\" data-widget_type=\"heading.default\">\n\t\t\t\t<div class=\"elementor-widget-container\">\n\t\t\t\t\t<h2 class=\"elementor-heading-title elementor-size-default\">DECLARACI\u00d3N DE OBJETIVOS<\/h2>\t\t\t\t<\/div>\n\t\t\t\t<\/div>\n\t\t\t\t\t<\/div>\n\t\t<\/div>\n\t\t\t\t\t<\/div>\n\t\t<\/section>\n\t\t\t\t<section class=\"elementor-section elementor-top-section elementor-element elementor-element-6061b91 elementor-section-boxed elementor-section-height-default elementor-section-height-default\" data-id=\"6061b91\" data-element_type=\"section\" data-e-type=\"section\" data-settings=\"{&quot;tmea_shape_divider_top&quot;:&quot;none&quot;,&quot;tmea_shape_divider_bottom&quot;:&quot;none&quot;}\">\n\t\t\t\t\t\t<div class=\"elementor-container elementor-column-gap-default\">\n\t\t\t\t\t<div class=\"elementor-column elementor-col-100 elementor-top-column elementor-element elementor-element-ee1cca6\" data-id=\"ee1cca6\" data-element_type=\"column\" data-e-type=\"column\">\n\t\t\t<div class=\"elementor-widget-wrap elementor-element-populated\">\n\t\t\t\t\n\t\t<div class=\"elementor-element elementor-element-fd2f34f elementor-widget elementor-widget-text-editor\" data-id=\"fd2f34f\" data-element_type=\"widget\" data-e-type=\"widget\" data-widget_type=\"text-editor.default\">\n\t\t\t\t<div class=\"elementor-widget-container\">\n\t\t\t\t\t\t\t\t\t<p> <\/p><p><span data-contrast=\"auto\">Kolping Recruiting &amp; Integration GmbH (KRI) forma parte de una organizaci\u00f3n social cat\u00f3lica a trav\u00e9s de sus accionistas, Kolping Bildungswerke Paderborn gGmbH y Kolping-Mainfranken GmbH. Por ello, nos guiamos por el ejemplo de Adolfo Kolping, la visi\u00f3n cristiana del hombre y del mundo y la doctrina social cristiana.  <\/span><\/p><p><span data-contrast=\"auto\">Las personas, con todas sus necesidades y aspiraciones individuales, est\u00e1n en el centro de todo lo que hacemos. Como empresa del \u00e1mbito de la educaci\u00f3n y la integraci\u00f3n, nos consideramos acompa\u00f1antes que se centran en la persona en su totalidad, con especial atenci\u00f3n a los procesos de desarrollo a lo largo de toda la vida y a la dignidad humana. <\/span><\/p><p><span data-contrast=\"auto\">Esta actitud tambi\u00e9n caracteriza nuestro enfoque de la migraci\u00f3n: para nosotros, la decisi\u00f3n de cambiar el centro de nuestras vidas es un proceso delicado que requiere respeto y responsabilidad. Cuando un trabajador cualificado se traslada a Alemania, se despide de algo que le es familiar: su pa\u00eds de origen, su cultura y las personas que est\u00e1n cerca de su coraz\u00f3n. Abordamos este paso con gran cuidado y un firme compromiso con un comportamiento justo, \u00e9tico y sostenible:  <\/span><\/p><p><b><span data-contrast=\"auto\">Feria<\/span><\/b><span data-contrast=\"auto\"><br><span data-contrast=\"auto\">Creamos un equilibrio entre los intereses leg\u00edtimos de los trabajadores cualificados y los de nuestras empresas asociadas. Este equilibrio es la \u00fanica manera de crear una base sostenible sobre la que la integraci\u00f3n pueda tener \u00e9xito y la confianza pueda crecer. <\/span><\/span><\/p><p><b><span data-contrast=\"auto\">\u00c9tica<\/span><\/b><span data-contrast=\"auto\"> <\/span><br><span data-contrast=\"auto\">Cada colocaci\u00f3n comienza con la cuesti\u00f3n de las circunstancias personales y el impacto en el pa\u00eds de origen. La migraci\u00f3n s\u00f3lo es justificable si no conduce a un deterioro de la situaci\u00f3n de la oferta en el pa\u00eds. Por ello, prestamos estricta atenci\u00f3n al cumplimiento del C\u00f3digo de conducta de la OMS para la contrataci\u00f3n internacional de profesionales de la salud.  <\/span><br><span data-contrast=\"auto\">Adem\u00e1s, para nosotros, un planteamiento \u00e9tico tambi\u00e9n incluye aplicar y exigir medidas que vayan m\u00e1s all\u00e1 de la mera colocaci\u00f3n y promuevan la integraci\u00f3n laboral y social, acompa\u00f1ando as\u00ed a las personas en su viaje migratorio.<\/span><\/p><p><span data-contrast=\"auto\">Para nosotros, actuar de forma \u00e9tica y responsable significa tambi\u00e9n actuar de acuerdo con el principio \u00abel empleador paga\u00bb, que por tanto reconocemos plenamente. Entendemos por ello que la colocaci\u00f3n y todos los tr\u00e1mites necesarios son neutrales en cuanto a costes para el especialista, es decir, corren de nuestra cuenta o de la del empleador.  <\/span><\/p><p><strong>Sostenible<\/strong><\/p><p><span data-contrast=\"auto\">Para nosotros, sostenibilidad significa algo m\u00e1s que firmar un contrato de trabajo: se trata de encuentros culturales, integraci\u00f3n social y preservaci\u00f3n de la identidad personal sin perder la propia identidad y cultura. Junto con los empleadores, desarrollamos conceptos que facilitan la llegada: desde el apoyo ling\u00fc\u00edstico hasta el intercambio intercultural. Incluso una vez concluidas las pr\u00e1cticas, permanecemos al lado de los trabajadores cualificados como interlocutor de confianza.  <\/span><\/p>\t\t\t\t\t\t\t\t<\/div>\n\t\t\t\t<\/div>\n\t\t\t\t\t<\/div>\n\t\t<\/div>\n\t\t\t\t\t<\/div>\n\t\t<\/section>\n\t\t\t\t<section class=\"elementor-section elementor-top-section elementor-element elementor-element-a9881bf elementor-section-boxed elementor-section-height-default elementor-section-height-default\" data-id=\"a9881bf\" data-element_type=\"section\" data-e-type=\"section\" data-settings=\"{&quot;tmea_shape_divider_top&quot;:&quot;none&quot;,&quot;tmea_shape_divider_bottom&quot;:&quot;none&quot;}\">\n\t\t\t\t\t\t<div class=\"elementor-container elementor-column-gap-default\">\n\t\t\t\t\t<div class=\"elementor-column elementor-col-100 elementor-top-column elementor-element elementor-element-c116f9c\" data-id=\"c116f9c\" data-element_type=\"column\" data-e-type=\"column\">\n\t\t\t<div class=\"elementor-widget-wrap elementor-element-populated\">\n\t\t\t\t\t\t<div class=\"elementor-element elementor-element-33501b9 elementor-widget elementor-widget-image\" data-id=\"33501b9\" data-element_type=\"widget\" data-e-type=\"widget\" data-widget_type=\"image.default\">\n\t\t\t\t<div class=\"elementor-widget-container\">\n\t\t\t\t\t\t\t\t\t\t\t\t\t\t\t<img decoding=\"async\" width=\"150\" height=\"300\" src=\"https:\/\/kolping-recruiting.com\/wp-content\/uploads\/2025\/11\/RAL_GZ_FaireAnwerbungFair-Recruitment_online_150_300_geschuetztes-Zeichen-1.jpg\" class=\"attachment-large size-large wp-image-7553\" alt=\"\" \/>\t\t\t\t\t\t\t\t\t\t\t\t\t\t\t<\/div>\n\t\t\t\t<\/div>\n\t\t\t\t\t<\/div>\n\t\t<\/div>\n\t\t\t\t\t<\/div>\n\t\t<\/section>\n\t\t\t\t<\/div>\n\t\t","protected":false},"excerpt":{"rendered":"<p>DECLARACI\u00d3N DE OBJETIVOS Kolping Recruiting &amp; Integration GmbH (KRI) forma parte de una organizaci\u00f3n social cat\u00f3lica a trav\u00e9s de sus accionistas, Kolping Bildungswerke Paderborn gGmbH y Kolping-Mainfranken GmbH. Por ello, nos guiamos por el ejemplo de Adolfo Kolping, la visi\u00f3n cristiana del hombre y del mundo y la doctrina social cristiana. Las personas, con todas [&hellip;]<\/p>\n","protected":false},"author":1,"featured_media":0,"parent":0,"menu_order":0,"comment_status":"closed","ping_status":"closed","template":"","meta":{"footnotes":""},"class_list":["post-7376","page","type-page","status-publish","hentry"],"_links":{"self":[{"href":"https:\/\/kolping-recruiting.com\/es\/wp-json\/wp\/v2\/pages\/7376","targetHints":{"allow":["GET"]}}],"collection":[{"href":"https:\/\/kolping-recruiting.com\/es\/wp-json\/wp\/v2\/pages"}],"about":[{"href":"https:\/\/kolping-recruiting.com\/es\/wp-json\/wp\/v2\/types\/page"}],"author":[{"embeddable":true,"href":"https:\/\/kolping-recruiting.com\/es\/wp-json\/wp\/v2\/users\/1"}],"replies":[{"embeddable":true,"href":"https:\/\/kolping-recruiting.com\/es\/wp-json\/wp\/v2\/comments?post=7376"}],"version-history":[{"count":5,"href":"https:\/\/kolping-recruiting.com\/es\/wp-json\/wp\/v2\/pages\/7376\/revisions"}],"predecessor-version":[{"id":7569,"href":"https:\/\/kolping-recruiting.com\/es\/wp-json\/wp\/v2\/pages\/7376\/revisions\/7569"}],"wp:attachment":[{"href":"https:\/\/kolping-recruiting.com\/es\/wp-json\/wp\/v2\/media?parent=7376"}],"curies":[{"name":"wp","href":"https:\/\/api.w.org\/{rel}","templated":true}]}}