{"id":7378,"date":"2025-05-08T08:23:17","date_gmt":"2025-05-08T06:23:17","guid":{"rendered":"https:\/\/kolping-recruiting.com\/declaracion-de-principios\/"},"modified":"2025-05-09T15:08:30","modified_gmt":"2025-05-09T13:08:30","slug":"declaracion-de-principios","status":"publish","type":"page","link":"https:\/\/kolping-recruiting.com\/es\/declaracion-de-principios\/","title":{"rendered":"Declaraci\u00f3n pol\u00edtica"},"content":{"rendered":"\t\t<div data-elementor-type=\"wp-page\" data-elementor-id=\"7378\" class=\"elementor elementor-7378 elementor-7331\">\n\t\t\t\t\t\t<section class=\"elementor-section elementor-top-section elementor-element elementor-element-3f7c76d6 elementor-section-stretched elementor-section-boxed elementor-section-height-default elementor-section-height-default\" data-id=\"3f7c76d6\" data-element_type=\"section\" data-e-type=\"section\" data-settings=\"{&quot;stretch_section&quot;:&quot;section-stretched&quot;,&quot;background_background&quot;:&quot;classic&quot;,&quot;shape_divider_bottom&quot;:&quot;waves&quot;,&quot;shape_divider_bottom_negative&quot;:&quot;yes&quot;,&quot;animation&quot;:&quot;none&quot;,&quot;tmea_shape_divider_top&quot;:&quot;none&quot;,&quot;tmea_shape_divider_bottom&quot;:&quot;none&quot;}\">\n\t\t\t\t\t\t\t<div class=\"elementor-background-overlay\"><\/div>\n\t\t\t\t\t\t<div class=\"elementor-shape elementor-shape-bottom\" aria-hidden=\"true\" data-negative=\"true\">\n\t\t\t<svg xmlns=\"http:\/\/www.w3.org\/2000\/svg\" viewBox=\"0 0 1000 100\" preserveAspectRatio=\"none\">\n\t<path class=\"elementor-shape-fill\" d=\"M790.5,93.1c-59.3-5.3-116.8-18-192.6-50c-29.6-12.7-76.9-31-100.5-35.9c-23.6-4.9-52.6-7.8-75.5-5.3\n\tc-10.2,1.1-22.6,1.4-50.1,7.4c-27.2,6.3-58.2,16.6-79.4,24.7c-41.3,15.9-94.9,21.9-134,22.6C72,58.2,0,25.8,0,25.8V100h1000V65.3\n\tc0,0-51.5,19.4-106.2,25.7C839.5,97,814.1,95.2,790.5,93.1z\"\/>\n<\/svg>\t\t<\/div>\n\t\t\t\t\t<div class=\"elementor-container elementor-column-gap-default\">\n\t\t\t\t\t<div class=\"elementor-column elementor-col-100 elementor-top-column elementor-element elementor-element-3549a7bb\" data-id=\"3549a7bb\" data-element_type=\"column\" data-e-type=\"column\">\n\t\t\t<div class=\"elementor-widget-wrap elementor-element-populated\">\n\t\t\t\t\t\t<div class=\"elementor-element elementor-element-51d4297f elementor-widget elementor-widget-heading\" data-id=\"51d4297f\" data-element_type=\"widget\" data-e-type=\"widget\" data-widget_type=\"heading.default\">\n\t\t\t\t<div class=\"elementor-widget-container\">\n\t\t\t\t\t<h2 class=\"elementor-heading-title elementor-size-default\">DECLARACI\u00d3N POL\u00cdTICA<\/h2>\t\t\t\t<\/div>\n\t\t\t\t<\/div>\n\t\t\t\t\t<\/div>\n\t\t<\/div>\n\t\t\t\t\t<\/div>\n\t\t<\/section>\n\t\t\t\t<section class=\"elementor-section elementor-top-section elementor-element elementor-element-5fc6553c elementor-section-boxed elementor-section-height-default elementor-section-height-default\" data-id=\"5fc6553c\" data-element_type=\"section\" data-e-type=\"section\" data-settings=\"{&quot;background_background&quot;:&quot;classic&quot;,&quot;tmea_shape_divider_top&quot;:&quot;none&quot;,&quot;tmea_shape_divider_bottom&quot;:&quot;none&quot;}\">\n\t\t\t\t\t\t<div class=\"elementor-container elementor-column-gap-default\">\n\t\t\t\t\t<div class=\"elementor-column elementor-col-100 elementor-top-column elementor-element elementor-element-2c44460d\" data-id=\"2c44460d\" data-element_type=\"column\" data-e-type=\"column\">\n\t\t\t<div class=\"elementor-widget-wrap elementor-element-populated\">\n\t\t\t\t\t\t<section class=\"elementor-section elementor-inner-section elementor-element elementor-element-35ccdb3b animated-slow elementor-section-boxed elementor-section-height-default elementor-section-height-default elementor-invisible\" data-id=\"35ccdb3b\" data-element_type=\"section\" data-e-type=\"section\" data-settings=\"{&quot;animation&quot;:&quot;fadeInDown&quot;,&quot;tmea_shape_divider_top&quot;:&quot;none&quot;,&quot;tmea_shape_divider_bottom&quot;:&quot;none&quot;}\">\n\t\t\t\t\t\t<div class=\"elementor-container elementor-column-gap-default\">\n\t\t\t\t\t<div class=\"elementor-column elementor-col-100 elementor-inner-column elementor-element elementor-element-46642b31\" data-id=\"46642b31\" data-element_type=\"column\" data-e-type=\"column\">\n\t\t\t<div class=\"elementor-widget-wrap elementor-element-populated\">\n\t\t\t\t\t\t<div class=\"elementor-element elementor-element-1e24138e elementor-widget elementor-widget-heading\" data-id=\"1e24138e\" data-element_type=\"widget\" data-e-type=\"widget\" data-widget_type=\"heading.default\">\n\t\t\t\t<div class=\"elementor-widget-container\">\n\t\t\t\t\t<h2 class=\"elementor-heading-title elementor-size-default\">Declaraci\u00f3n pol\u00edtica sobre la gesti\u00f3n empresarial responsable<\/h2>\t\t\t\t<\/div>\n\t\t\t\t<\/div>\n\t\t\t\t<div class=\"elementor-element elementor-element-5c96eae0 elementor-widget-divider--view-line_icon elementor-view-default elementor-widget-divider--element-align-center elementor-widget elementor-widget-divider\" data-id=\"5c96eae0\" data-element_type=\"widget\" data-e-type=\"widget\" data-widget_type=\"divider.default\">\n\t\t\t\t<div class=\"elementor-widget-container\">\n\t\t\t\t\t\t\t<div class=\"elementor-divider\">\n\t\t\t<span class=\"elementor-divider-separator\">\n\t\t\t\t\t\t\t<div class=\"elementor-icon elementor-divider__element\">\n\t\t\t\t\t<i aria-hidden=\"true\" class=\"icon icon-heart\"><\/i><\/div>\n\t\t\t\t\t\t<\/span>\n\t\t<\/div>\n\t\t\t\t\t\t<\/div>\n\t\t\t\t<\/div>\n\t\t\t\t\t<\/div>\n\t\t<\/div>\n\t\t\t\t\t<\/div>\n\t\t<\/section>\n\t\t\t\t\t<\/div>\n\t\t<\/div>\n\t\t\t\t\t<\/div>\n\t\t<\/section>\n\t\t\t\t<section class=\"elementor-section elementor-top-section elementor-element elementor-element-9dab28f elementor-section-boxed elementor-section-height-default elementor-section-height-default\" data-id=\"9dab28f\" data-element_type=\"section\" data-e-type=\"section\" data-settings=\"{&quot;tmea_shape_divider_top&quot;:&quot;none&quot;,&quot;tmea_shape_divider_bottom&quot;:&quot;none&quot;}\">\n\t\t\t\t\t\t<div class=\"elementor-container elementor-column-gap-default\">\n\t\t\t\t\t<div class=\"elementor-column elementor-col-100 elementor-top-column elementor-element elementor-element-16a296a\" data-id=\"16a296a\" data-element_type=\"column\" data-e-type=\"column\">\n\t\t\t<div class=\"elementor-widget-wrap elementor-element-populated\">\n\t\t\t\t\n\t\t<div class=\"elementor-element elementor-element-dfcf172 elementor-widget elementor-widget-text-editor\" data-id=\"dfcf172\" data-element_type=\"widget\" data-e-type=\"widget\" data-widget_type=\"text-editor.default\">\n\t\t\t\t<div class=\"elementor-widget-container\">\n\t\t\t\t\t\t\t\t\t<p>Bas\u00e1ndonos en nuestra declaraci\u00f3n de principios, el sello de calidad \u00abFair Recruitment Care Germany\u00bb es para nosotros tanto un incentivo como una obligaci\u00f3n, por lo que no s\u00f3lo alineamos la gesti\u00f3n de nuestra empresa con \u00e9l, sino que tambi\u00e9n nos comprometemos a cumplir los puntos que se enumeran a continuaci\u00f3n:<\/p><p><span style=\"text-decoration: underline;\"><strong>1. Los seis principios rectores<\/strong><\/span><br><strong>1.1 Formulario escrito de verificabilidad<\/strong><br>Todos los contratos, condiciones de colocaci\u00f3n, ofertas de trabajo e informaci\u00f3n se registran por escrito y se ponen a disposici\u00f3n de los cuidadores en un idioma comprensible y con la suficiente antelaci\u00f3n antes de la firma del contrato. Adem\u00e1s, si es necesario, los int\u00e9rpretes garantizan la comunicaci\u00f3n en todas las fases. <\/p><p><strong>1.2 Proceso gratuito de colocaci\u00f3n de cuidadores <\/strong><br>Todo el proceso de colocaci\u00f3n es gratuito para los cuidadores. Aplicamos estrictamente el principio de \u00abel empleador paga\u00bb: Todos los costes directos e indirectos (incluidos los cursos de idiomas, los procedimientos de reconocimiento y los gastos de viaje) corren a cargo del empleador. <\/p><p><strong>1.3 Limitar el riesgo econ\u00f3mico de los profesionales sanitarios <\/strong><br>Los cuidadores no est\u00e1n autorizados a pagar dep\u00f3sitos ni anticipos. Los riesgos econ\u00f3micos se minimizan mediante normas contractuales claras y la asunci\u00f3n de todos los costes de colocaci\u00f3n por parte del empleador. <\/p><p><strong>1.4 Transparencia de estructuras, servicios y costes <\/strong><br>Garantizamos la divulgaci\u00f3n completa de todos los pasos del proceso, la asignaci\u00f3n de costes y las condiciones del contrato. El alcance de los servicios y las responsabilidades se documentan detalladamente antes de firmar el contrato. <\/p><p><strong>1.5 Sostenibilidad y participaci\u00f3n<\/strong><br>La integraci\u00f3n del personal de enfermer\u00eda se fomenta mediante talleres interculturales y la participaci\u00f3n en los procesos de toma de decisiones de la empresa. Ofrecemos apoyo integral en las gestiones con las autoridades, la elaboraci\u00f3n de contratos de trabajo y el reconocimiento profesional. <\/p><p><strong>1.6 Responsabilidad general<\/strong><br>Asumimos la responsabilidad del cumplimiento de los principios rectores a lo largo de toda la cadena de servicios, incluidas todas las empresas asociadas.<\/p><p><span style=\"text-decoration: underline;\"><strong>2. obligaciones internacionales \/ cumplimiento y consideraci\u00f3n de las siguientes normas:<\/strong><\/span><\/p><p><a href=\"https:\/\/www.who.int\/publications\/i\/item\/who-global-code-of-practice-on-the-international-recruitment-of-health-personnel\"><span data-ccp-charstyle=\"Hyperlink\">C\u00f3digo de pr\u00e1cticas mundial de la OMS sobre contrataci\u00f3n internacional de personal de salud<\/span><\/a> <span data-ccp-parastyle=\"my-0\">Se rechaza terminantemente la contrataci\u00f3n en pa\u00edses con una escasez cr\u00edtica de profesionales sanitarios. Actualmente estamos reclutando enfermeros\/as de M\u00e9xico. <\/span><span data-ccp-props=\"{\"134233117\":true,\"134233118\":false,\"201341983\":0,\"335551550\":6,\"335551620\":6,\"335559685\":284,\"335559739\":120,\"335559740\":240,\"335559991\":284,\"469777462\":[2977],\"469777927\":[0],\"469777928\":[1]}\"> <\/span><\/p><p><a href=\"https:\/\/www.ilo.org\/de\/normenkontrolle\"><span data-ccp-charstyle=\"Hyperlink\">ILO-Kernarbeitsnormen<\/span><\/a><span data-ccp-parastyle=\"my-0\">: <\/span>Cumplimiento de la libertad de asociaci\u00f3n, salud y seguridad en el trabajo, prohibici\u00f3n de la discriminaci\u00f3n en el empleo y la ocupaci\u00f3n, eliminaci\u00f3n del trabajo forzoso y abolici\u00f3n del trabajo infantil.<\/p><p><a href=\"https:\/\/www.ilo.org\/sites\/default\/files\/wcmsp5\/groups\/public\/@ed_protect\/@protrav\/@migrant\/documents\/publication\/wcms_536755.pdf\"><span data-ccp-charstyle=\"Hyperlink\">Directrices de la OIT sobre contrataci\u00f3n justa<\/span>: <\/a>Prohibici\u00f3n de las comisiones de contrataci\u00f3n para los empleados y transparencia de los costes.<\/p><p><a href=\"https:\/\/www.ohchr.org\/sites\/default\/files\/documents\/publications\/guidingprinciplesbusinesshr_en.pdf\"><span data-ccp-charstyle=\"Hyperlink\">Principios Rectores de la ONU sobre Empresas y Derechos Humanos<\/span><\/a>Mediante el uso de procedimientos claramente definidos (por ejemplo, an\u00e1lisis de riesgos), protegemos los derechos humanos a lo largo de todo nuestro proceso<span data-ccp-charstyle=\"Strong\">. <\/span><\/p><p><a href=\"https:\/\/www.menschenrechtsabkommen.de\/\"><span data-ccp-charstyle=\"Hyperlink\">Convenio de la ONU Derechos Humanos:<\/span><\/a> Nos comprometemos a cumplir el Convenio de la ONU sobre Derechos Humanos.<\/p><p><span style=\"text-decoration: underline;\"><strong>3. compromisos voluntarios adicionales<\/strong><\/span><\/p><ul><li>Nos comprometemos a cumplir estrictamente el principio de que el empresario paga en toda la cadena de servicios. Todos los costes asociados a la contrataci\u00f3n y la colocaci\u00f3n corren exclusivamente a cargo del empleador. Los cuidadores no incurren en ning\u00fan coste -ni directo ni indirecto- por la colocaci\u00f3n o los servicios directamente relacionados.  <\/li><li>Adem\u00e1s, nos comprometemos a prohibir las cl\u00e1usulas de compromiso y reembolso: En los contratos de colocaci\u00f3n y los contratos de trabajo con profesionales de la asistencia, renunciamos a cualquier obligaci\u00f3n de compromiso o reembolso, salvo que lo exija la ley.<\/li><li>Por lo tanto, s\u00f3lo ofrecemos contratos de trabajo sin obligaciones de costes de colocaci\u00f3n, es decir, contratos que no prev\u00e9n ning\u00fan reembolso de los costes de colocaci\u00f3n, ni directa ni indirectamente.<\/li><\/ul><p>Al adherirnos a estos principios, nos esforzamos por lograr una colocaci\u00f3n justa, transparente y \u00e9ticamente responsable de profesionales de enfermer\u00eda internacionales que satisfaga las necesidades tanto de los profesionales como de los empleadores.<\/p><p>Esta declaraci\u00f3n entra en vigor con efecto inmediato y se aplica a todos los procesos de contrataci\u00f3n de la empresa<\/p>\t\t\t\t\t\t\t\t<\/div>\n\t\t\t\t<\/div>\n\t\t\t\t\t<\/div>\n\t\t<\/div>\n\t\t\t\t\t<\/div>\n\t\t<\/section>\n\t\t\t\t<\/div>\n\t\t","protected":false},"excerpt":{"rendered":"<p>DECLARACI\u00d3N POL\u00cdTICA Declaraci\u00f3n pol\u00edtica sobre la gesti\u00f3n empresarial responsable Bas\u00e1ndonos en nuestra declaraci\u00f3n de principios, el sello de calidad \u00abFair Recruitment Care Germany\u00bb es para nosotros tanto un incentivo como una obligaci\u00f3n, por lo que no s\u00f3lo alineamos la gesti\u00f3n de nuestra empresa con \u00e9l, sino que tambi\u00e9n nos comprometemos a cumplir los puntos que [&hellip;]<\/p>\n","protected":false},"author":1,"featured_media":0,"parent":0,"menu_order":0,"comment_status":"closed","ping_status":"closed","template":"","meta":{"footnotes":""},"class_list":["post-7378","page","type-page","status-publish","hentry"],"_links":{"self":[{"href":"https:\/\/kolping-recruiting.com\/es\/wp-json\/wp\/v2\/pages\/7378","targetHints":{"allow":["GET"]}}],"collection":[{"href":"https:\/\/kolping-recruiting.com\/es\/wp-json\/wp\/v2\/pages"}],"about":[{"href":"https:\/\/kolping-recruiting.com\/es\/wp-json\/wp\/v2\/types\/page"}],"author":[{"embeddable":true,"href":"https:\/\/kolping-recruiting.com\/es\/wp-json\/wp\/v2\/users\/1"}],"replies":[{"embeddable":true,"href":"https:\/\/kolping-recruiting.com\/es\/wp-json\/wp\/v2\/comments?post=7378"}],"version-history":[{"count":6,"href":"https:\/\/kolping-recruiting.com\/es\/wp-json\/wp\/v2\/pages\/7378\/revisions"}],"predecessor-version":[{"id":7480,"href":"https:\/\/kolping-recruiting.com\/es\/wp-json\/wp\/v2\/pages\/7378\/revisions\/7480"}],"wp:attachment":[{"href":"https:\/\/kolping-recruiting.com\/es\/wp-json\/wp\/v2\/media?parent=7378"}],"curies":[{"name":"wp","href":"https:\/\/api.w.org\/{rel}","templated":true}]}}