{"id":7445,"date":"2025-05-08T08:29:06","date_gmt":"2025-05-08T06:29:06","guid":{"rendered":"https:\/\/kolping-recruiting.com\/gestion-de-reclamaciones\/"},"modified":"2025-05-09T14:35:01","modified_gmt":"2025-05-09T12:35:01","slug":"gestion-de-reclamaciones","status":"publish","type":"page","link":"https:\/\/kolping-recruiting.com\/es\/gestion-de-reclamaciones\/","title":{"rendered":"Gesti\u00f3n de reclamaciones"},"content":{"rendered":"\t\t<div data-elementor-type=\"wp-page\" data-elementor-id=\"7445\" class=\"elementor elementor-7445 elementor-7344\">\n\t\t\t\t\t\t<section class=\"elementor-section elementor-top-section elementor-element elementor-element-354e36f elementor-section-stretched elementor-section-boxed elementor-section-height-default elementor-section-height-default\" data-id=\"354e36f\" data-element_type=\"section\" data-e-type=\"section\" data-settings=\"{&quot;stretch_section&quot;:&quot;section-stretched&quot;,&quot;background_background&quot;:&quot;classic&quot;,&quot;shape_divider_bottom&quot;:&quot;waves&quot;,&quot;shape_divider_bottom_negative&quot;:&quot;yes&quot;,&quot;animation&quot;:&quot;none&quot;,&quot;tmea_shape_divider_top&quot;:&quot;none&quot;,&quot;tmea_shape_divider_bottom&quot;:&quot;none&quot;}\">\n\t\t\t\t\t\t\t<div class=\"elementor-background-overlay\"><\/div>\n\t\t\t\t\t\t<div class=\"elementor-shape elementor-shape-bottom\" aria-hidden=\"true\" data-negative=\"true\">\n\t\t\t<svg xmlns=\"http:\/\/www.w3.org\/2000\/svg\" viewBox=\"0 0 1000 100\" preserveAspectRatio=\"none\">\n\t<path class=\"elementor-shape-fill\" d=\"M790.5,93.1c-59.3-5.3-116.8-18-192.6-50c-29.6-12.7-76.9-31-100.5-35.9c-23.6-4.9-52.6-7.8-75.5-5.3\n\tc-10.2,1.1-22.6,1.4-50.1,7.4c-27.2,6.3-58.2,16.6-79.4,24.7c-41.3,15.9-94.9,21.9-134,22.6C72,58.2,0,25.8,0,25.8V100h1000V65.3\n\tc0,0-51.5,19.4-106.2,25.7C839.5,97,814.1,95.2,790.5,93.1z\"\/>\n<\/svg>\t\t<\/div>\n\t\t\t\t\t<div class=\"elementor-container elementor-column-gap-default\">\n\t\t\t\t\t<div class=\"elementor-column elementor-col-100 elementor-top-column elementor-element elementor-element-16013f41\" data-id=\"16013f41\" data-element_type=\"column\" data-e-type=\"column\">\n\t\t\t<div class=\"elementor-widget-wrap elementor-element-populated\">\n\t\t\t\t\t\t<div class=\"elementor-element elementor-element-3113fb3f elementor-widget elementor-widget-heading\" data-id=\"3113fb3f\" data-element_type=\"widget\" data-e-type=\"widget\" data-widget_type=\"heading.default\">\n\t\t\t\t<div class=\"elementor-widget-container\">\n\t\t\t\t\t<h2 class=\"elementor-heading-title elementor-size-default\">Gesti\u00f3n de reclamaciones  <\/h2>\t\t\t\t<\/div>\n\t\t\t\t<\/div>\n\t\t\t\t\t<\/div>\n\t\t<\/div>\n\t\t\t\t\t<\/div>\n\t\t<\/section>\n\t\t\t\t<section class=\"elementor-section elementor-top-section elementor-element elementor-element-9896b86 elementor-section-boxed elementor-section-height-default elementor-section-height-default\" data-id=\"9896b86\" data-element_type=\"section\" data-e-type=\"section\" data-settings=\"{&quot;background_background&quot;:&quot;classic&quot;,&quot;tmea_shape_divider_top&quot;:&quot;none&quot;,&quot;tmea_shape_divider_bottom&quot;:&quot;none&quot;}\">\n\t\t\t\t\t\t<div class=\"elementor-container elementor-column-gap-default\">\n\t\t\t\t\t<div class=\"elementor-column elementor-col-100 elementor-top-column elementor-element elementor-element-8989fd0\" data-id=\"8989fd0\" data-element_type=\"column\" data-e-type=\"column\">\n\t\t\t<div class=\"elementor-widget-wrap\">\n\t\t\t\t\t\t\t<\/div>\n\t\t<\/div>\n\t\t\t\t\t<\/div>\n\t\t<\/section>\n\t\t\t\t<section class=\"elementor-section elementor-top-section elementor-element elementor-element-23dce4b elementor-section-boxed elementor-section-height-default elementor-section-height-default\" data-id=\"23dce4b\" data-element_type=\"section\" data-e-type=\"section\" data-settings=\"{&quot;tmea_shape_divider_top&quot;:&quot;none&quot;,&quot;tmea_shape_divider_bottom&quot;:&quot;none&quot;}\">\n\t\t\t\t\t\t<div class=\"elementor-container elementor-column-gap-default\">\n\t\t\t\t\t<div class=\"elementor-column elementor-col-100 elementor-top-column elementor-element elementor-element-e0c9476\" data-id=\"e0c9476\" data-element_type=\"column\" data-e-type=\"column\">\n\t\t\t<div class=\"elementor-widget-wrap elementor-element-populated\">\n\t\t\t\t\n\t\t<div class=\"elementor-element elementor-element-87c401b elementor-widget elementor-widget-text-editor\" data-id=\"87c401b\" data-element_type=\"widget\" data-e-type=\"widget\" data-widget_type=\"text-editor.default\">\n\t\t\t\t<div class=\"elementor-widget-container\">\n\t\t\t\t\t\t\t\t\t<p><span data-contrast=\"auto\">Nuestro equipo de Kolping Recruiting &amp; Integration GmbH se compromete a una contrataci\u00f3n \u00e9ticamente responsable y transparente y a una integraci\u00f3n sostenible de especialistas internacionales, siempre en consonancia con las directrices del sello de calidad \u00abFair Recruitment Care Germany\u00bb.<\/span><span data-ccp-props=\"{\"134233117\":false,\"134233118\":false,\"201341983\":0,\"335551550\":6,\"335551620\":6,\"335559738\":0,\"335559739\":0,\"335559740\":276}\"> <\/span><\/p><p><span data-contrast=\"auto\">Sin embargo, si hay alguna discrepancia o si tiene alguna sugerencia para mejorar nuestros procesos, le agradecer\u00edamos que nos diera su opini\u00f3n constructiva para seguir desarrollando nuestras normas. Consideramos que estas observaciones son positivas y nos brindan la oportunidad de mejorar. Por ello, en aras de un proceso estructurado y fiable, hemos creado estas directrices de reclamaci\u00f3n para nuestra empresa.  <\/span><span data-ccp-props=\"{\"134233117\":true,\"134233118\":true,\"201341983\":0,\"335551550\":6,\"335551620\":6,\"335559740\":276}\"> <\/span><\/p><p><span data-ccp-props=\"{\"134233117\":true,\"134233118\":true,\"201341983\":0,\"335551550\":6,\"335551620\":6,\"335559740\":276}\"> <\/span><\/p><p><b><span data-contrast=\"none\">1. 1 Tramitaci\u00f3n de reclamaciones<\/span><\/b><span data-ccp-props=\"{\"134233117\":true,\"134233118\":true,\"134245418\":true,\"134245529\":true,\"201341983\":0,\"335551550\":6,\"335551620\":6,\"335559738\":40,\"335559739\":0,\"335559740\":276}\"> <\/span><\/p><p><span data-contrast=\"auto\">Las quejas en t\u00e9rminos de gesti\u00f3n de reclamaciones se refieren al proceso de selecci\u00f3n y contrataci\u00f3n, en particular a incumplimientos de la transparencia, la equidad o los compromisos contractuales. Las preocupaciones relacionadas con la vida personal cotidiana o el bienestar general no son prioritarias para el sistema de gesti\u00f3n de reclamaciones del sello de calidad, pero pueden remitirse a otros organismos competentes en caso necesario. <\/span><span data-ccp-props=\"{\"134233117\":true,\"134233118\":true,\"201341983\":0,\"335551550\":6,\"335551620\":6,\"335559740\":276}\"> <\/span><\/p><p><span data-contrast=\"auto\">Nos tomamos en serio todas las quejas y las tratamos confidencialmente. Los especialistas, clientes y socios pueden ponerse en contacto con nosotros en cualquier momento para comunicarnos discrepancias o mejoras en los procesos. La denuncia se realiza por escrito o por correo electr\u00f3nico manteniendo el anonimato de acuerdo con la   <\/span><span data-contrast=\"auto\">Ley de Protecci\u00f3n de los Denunciantes (HinSchG)<\/span><b><span data-contrast=\"auto\">.<\/span><\/b><span data-ccp-props=\"{\"134233117\":true,\"134233118\":true,\"201341983\":0,\"335551550\":6,\"335551620\":6,\"335559740\":276}\"> <\/span><\/p><p><span data-contrast=\"auto\">Nuestro objetivo es examinar cada comentario con la m\u00e1xima atenci\u00f3n y encontrar una soluci\u00f3n justa junto con usted, en la medida en que lo permita el marco jur\u00eddico en particular. Queremos asegurarnos de que siempre sienta que sus preocupaciones se toman en serio y se valoran.  <\/span><span data-ccp-props=\"{\"134233117\":true,\"134233118\":true,\"201341983\":0,\"335551550\":6,\"335551620\":6,\"335559740\":276}\"> <\/span><\/p><p><b><span data-contrast=\"none\">2. Oficina de reclamaciones<\/span><\/b><span data-ccp-props=\"{\"134233117\":true,\"134233118\":true,\"134245418\":true,\"134245529\":true,\"201341983\":0,\"335551550\":6,\"335551620\":6,\"335559738\":40,\"335559739\":0,\"335559740\":276}\"> <\/span><\/p><p><span data-contrast=\"auto\">Si tiene alguna queja, puede dirigirse confidencialmente y en cualquier momento a la siguiente oficina central de quejas: <\/span><\/p><p>correo electr\u00f3nico: meldestelle.hgsg@gmail.com<\/p><p><span data-contrast=\"auto\">Tambi\u00e9n puede ponerse en contacto directamente con su persona de contacto en Kolping Recruiting &amp; Integration GmbH o con su persona de contacto en su pa\u00eds de origen (socio local). <\/span><span data-ccp-props=\"{\"134233117\":false,\"134233118\":false,\"201341983\":0,\"335551550\":1,\"335551620\":1,\"335559738\":0,\"335559739\":160,\"335559740\":259}\"> <\/span><\/p><p><b><span data-contrast=\"none\">3. Proceso de gesti\u00f3n de reclamaciones<\/span><\/b><span data-ccp-props=\"{\"134233117\":true,\"134233118\":true,\"134245418\":true,\"134245529\":true,\"201341983\":0,\"335551550\":6,\"335551620\":6,\"335559738\":40,\"335559739\":0,\"335559740\":276}\"> <\/span><\/p><p><b><span data-contrast=\"none\">3.1 Procedimiento<\/span><\/b><span data-ccp-props=\"{\"134233117\":true,\"134233118\":true,\"134245418\":true,\"134245529\":true,\"201341983\":0,\"335551550\":6,\"335551620\":6,\"335559685\":993,\"335559738\":40,\"335559739\":0,\"335559740\":276}\"> <\/span><\/p><ul><li data-leveltext=\"\uf0b7\" data-font=\"Symbol\" data-listid=\"19\" data-list-defn-props=\"{\"335552541\":1,\"335559685\":720,\"335559991\":360,\"469769226\":\"Symbol\",\"469769242\":[8226],\"469777803\":\"left\",\"469777804\":\"\uf0b7\",\"469777815\":\"multilevel\"}\" aria-setsize=\"-1\" data-aria-posinset=\"1\" data-aria-level=\"1\"><span style=\"text-decoration: underline;\">Examen<b>: <\/b> <\/span><br><span data-contrast=\"auto\">Todas las reclamaciones son examinadas inmediatamente por las oficinas de reclamaciones para determinar si es necesario tomar medidas.<\/span><span data-ccp-props=\"{\"134233117\":false,\"134233118\":true,\"201341983\":0,\"335551550\":6,\"335551620\":6,\"335559685\":1135,\"335559738\":120,\"335559740\":276,\"335559991\":284,\"469777462\":[720,1134],\"469777927\":[0,0],\"469777928\":[0,8]}\"> <\/span><\/li><\/ul><ul><li data-leveltext=\"\uf0b7\" data-font=\"Symbol\" data-listid=\"19\" data-list-defn-props=\"{\"335552541\":1,\"335559685\":720,\"335559991\":360,\"469769226\":\"Symbol\",\"469769242\":[8226],\"469777803\":\"left\",\"469777804\":\"\uf0b7\",\"469777815\":\"multilevel\"}\" aria-setsize=\"-1\" data-aria-posinset=\"2\" data-aria-level=\"1\"><span style=\"text-decoration: underline;\">Encontrar soluciones<b>: <\/b> <\/span><br><span data-contrast=\"auto\">En di\u00e1logo con todas las partes implicadas, desarrollamos medidas espec\u00edficas adaptadas a la reclamaci\u00f3n si es necesario actuar<\/span><span data-ccp-props=\"{\"134233117\":true,\"134233118\":true,\"201341983\":0,\"335551550\":6,\"335551620\":6,\"335559685\":1134,\"335559740\":276,\"335559991\":283,\"469777462\":[720,1134],\"469777927\":[0,0],\"469777928\":[0,8]}\"> <\/span><\/li><\/ul><ul><li data-leveltext=\"\uf0b7\" data-font=\"Symbol\" data-listid=\"19\" data-list-defn-props=\"{\"335552541\":1,\"335559685\":720,\"335559991\":360,\"469769226\":\"Symbol\",\"469769242\":[8226],\"469777803\":\"left\",\"469777804\":\"\uf0b7\",\"469777815\":\"multilevel\"}\" aria-setsize=\"-1\" data-aria-posinset=\"3\" data-aria-level=\"1\"><span style=\"text-decoration: underline;\">Seguimiento<b>: <\/b> <\/span><br><span data-contrast=\"auto\">Documentamos el proceso y comprobamos la eficacia de las medidas adoptadas.<\/span><span data-ccp-props=\"{\"134233117\":true,\"134233118\":true,\"201341983\":0,\"335551550\":6,\"335551620\":6,\"335559685\":1134,\"335559740\":276,\"335559991\":283,\"469777462\":[720,1134],\"469777927\":[0,0],\"469777928\":[0,8]}\"> <\/span><\/li><\/ul><p><b><span data-contrast=\"none\"><br>3.2 Plazos<\/span><\/b><span data-ccp-props=\"{\"134233117\":true,\"134233118\":true,\"134245418\":true,\"134245529\":true,\"201341983\":0,\"335551550\":6,\"335551620\":6,\"335559738\":40,\"335559739\":0,\"335559740\":276}\"> <\/span><\/p><ul><li data-leveltext=\"\uf0b7\" data-font=\"Symbol\" data-listid=\"21\" data-list-defn-props=\"{\"335552541\":1,\"335559685\":720,\"335559991\":360,\"469769226\":\"Symbol\",\"469769242\":[8226],\"469777803\":\"left\",\"469777804\":\"\uf0b7\",\"469777815\":\"multilevel\"}\" aria-setsize=\"-1\" data-aria-posinset=\"1\" data-aria-level=\"1\"><span data-contrast=\"auto\">Acuse de recibo:  <\/span><br><span data-contrast=\"auto\">Por lo general, en un plazo de <\/span><span data-contrast=\"auto\">24 horas<\/span><span data-contrast=\"auto\"> a partir de la recepci\u00f3n de la notificaci\u00f3n. Si, debido a circunstancias especiales, resulta necesaria una tramitaci\u00f3n m\u00e1s larga, el denunciante recibir\u00e1 una notificaci\u00f3n provisional motivada. <\/span><span data-ccp-props=\"{\"134233117\":false,\"134233118\":true,\"201341983\":0,\"335551550\":6,\"335551620\":6,\"335559685\":1135,\"335559738\":120,\"335559740\":276,\"335559991\":284,\"469777462\":[720],\"469777927\":[0],\"469777928\":[0]}\"> <\/span><\/li><\/ul><ul><li data-leveltext=\"\uf0b7\" data-font=\"Symbol\" data-listid=\"21\" data-list-defn-props=\"{\"335552541\":1,\"335559685\":720,\"335559991\":360,\"469769226\":\"Symbol\",\"469769242\":[8226],\"469777803\":\"left\",\"469777804\":\"\uf0b7\",\"469777815\":\"multilevel\"}\" aria-setsize=\"-1\" data-aria-posinset=\"2\" data-aria-level=\"1\"><span data-contrast=\"auto\"> Plazo de tramitaci\u00f3n<\/span><b><span data-contrast=\"auto\">: <\/span><\/b><br><span data-contrast=\"auto\">M\u00e1ximo <\/span><span data-contrast=\"auto\">3 semanas<\/span><span data-contrast=\"auto\"> por reclamaci\u00f3n &#8211; en casos complejos le informaremos puntualmente de cualquier retraso.<\/span><span data-ccp-props=\"{\"134233117\":true,\"134233118\":true,\"201341983\":0,\"335551550\":6,\"335551620\":6,\"335559685\":1134,\"335559740\":276,\"335559991\":283,\"469777462\":[720],\"469777927\":[0],\"469777928\":[0]}\"> <\/span><\/li><\/ul><ul><li data-leveltext=\"\uf0b7\" data-font=\"Symbol\" data-listid=\"21\" data-list-defn-props=\"{\"335552541\":1,\"335559685\":720,\"335559991\":360,\"469769226\":\"Symbol\",\"469769242\":[8226],\"469777803\":\"left\",\"469777804\":\"\uf0b7\",\"469777815\":\"multilevel\"}\" aria-setsize=\"-1\" data-aria-posinset=\"3\" data-aria-level=\"1\"><span data-contrast=\"auto\">Comunicaci\u00f3n final<\/span><b><span data-contrast=\"auto\">: <\/span><\/b><br><span data-contrast=\"auto\">Resumen escrito del resultado a todos los directamente afectados.<\/span><\/li><\/ul><p><b><span data-contrast=\"none\">3.3<\/span><\/b><b><span data-contrast=\"none\"> Lengua de la denuncia<br><\/span><\/b><span data-ccp-props=\"{\"134233117\":true,\"134233118\":true,\"134245418\":true,\"134245529\":true,\"201341983\":0,\"335551550\":6,\"335551620\":6,\"335559738\":40,\"335559739\":0,\"335559740\":276}\"> <\/span><\/p><p><span data-contrast=\"auto\">Por motivos legales, toda la documentaci\u00f3n escrita est\u00e1 redactada en alem\u00e1n. No obstante, tiene la posibilidad de redactar su queja en otro idioma y present\u00e1rnosla. Durante las conversaciones, decidiremos junto con usted si es necesario recurrir a un int\u00e9rprete para garantizar que sus preocupaciones se entienden perfectamente y se tienen en cuenta.  <\/span><span data-ccp-props=\"{\"134233117\":false,\"134233118\":true,\"201341983\":0,\"335551550\":6,\"335551620\":6,\"335559738\":120,\"335559740\":276}\"> <\/span><\/p><p><b><span data-contrast=\"none\">3.4 Cierre de la reclamaci\u00f3n<\/span><\/b><span data-ccp-props=\"{\"134233117\":true,\"134233118\":true,\"134245418\":true,\"134245529\":true,\"201341983\":0,\"335551550\":6,\"335551620\":6,\"335559738\":40,\"335559739\":0,\"335559740\":276}\"> <\/span><\/p><p><span data-contrast=\"auto\">El denunciante es libre de reconocer los resultados del proceso de denuncia. Si se alcanza este objetivo, se redacta la documentaci\u00f3n final y se cierra el proceso. Si el resultado no satisface al denunciante, pero la oficina de denuncias, como autoridad final, no ve m\u00e1s opciones de actuaci\u00f3n, se informar\u00e1 de ello al denunciante por escrito.  <\/span><span data-ccp-props=\"{\"134233117\":false,\"134233118\":true,\"201341983\":0,\"335551550\":6,\"335551620\":6,\"335559738\":120,\"335559740\":276}\"> <\/span><\/p><p><b><span data-contrast=\"none\">4. Confidencialidad \/ Protecci\u00f3n<\/span><\/b><span data-ccp-props=\"{\"134233117\":true,\"134233118\":true,\"134245418\":true,\"134245529\":true,\"201341983\":0,\"335551550\":6,\"335551620\":6,\"335559738\":40,\"335559739\":0,\"335559740\":276}\"> <\/span><\/p><p><span data-contrast=\"auto\">Consideramos todas las opiniones como un valioso est\u00edmulo para nuestro desarrollo y siempre entendemos las quejas como una contribuci\u00f3n constructiva a la mejora de nuestros procesos y servicios. <\/span><span data-ccp-props=\"{\"134233117\":true,\"134233118\":true,\"201341983\":0,\"335551550\":6,\"335551620\":6,\"335559740\":276}\"> <\/span><\/p><p><span data-contrast=\"auto\">A petici\u00f3n del denunciante, tratamos las consultas de forma confidencial. Al mismo tiempo, concedemos gran importancia a la transparencia y la equidad: para poder considerar todas las perspectivas, implicamos a los empleados afectados en el proceso de aclaraci\u00f3n. Esto se hace siempre con un esp\u00edritu de agradecimiento, tanto hacia el denunciante como hacia nuestros empleados. Se except\u00faan los casos en los que existen razones jur\u00eddicas o penales para no implicarlos. En tales situaciones, el tratamiento se lleva a cabo en estricto cumplimiento de los requisitos legales.    <\/span><span data-ccp-props=\"{\"134233117\":true,\"134233118\":true,\"201341983\":0,\"335551550\":6,\"335551620\":6,\"335559740\":276}\"> <\/span><\/p><p><b><span data-contrast=\"none\">5. Comunicaci\u00f3n del procedimiento de reclamaci\u00f3n<\/span><\/b><span data-ccp-props=\"{\"134233117\":true,\"134233118\":true,\"134245418\":true,\"134245529\":true,\"201341983\":0,\"335551550\":6,\"335551620\":6,\"335559738\":40,\"335559739\":0,\"335559740\":276}\"> <\/span><\/p><p><span data-contrast=\"auto\">Estas directrices se publicar\u00e1n en nuestro sitio web en la forma actualmente vigente y tambi\u00e9n se pondr\u00e1n a disposici\u00f3n de los participantes en su lengua materna. <\/span><span data-ccp-props=\"{\"134233117\":true,\"134233118\":true,\"201341983\":0,\"335551550\":6,\"335551620\":6,\"335559740\":276}\"> <\/span><\/p>\t\t\t\t\t\t\t\t<\/div>\n\t\t\t\t<\/div>\n\t\t\t\t\t<\/div>\n\t\t<\/div>\n\t\t\t\t\t<\/div>\n\t\t<\/section>\n\t\t\t\t<\/div>\n\t\t","protected":false},"excerpt":{"rendered":"<p>Gesti\u00f3n de reclamaciones Nuestro equipo de Kolping Recruiting &amp; Integration GmbH se compromete a una contrataci\u00f3n \u00e9ticamente responsable y transparente y a una integraci\u00f3n sostenible de especialistas internacionales, siempre en consonancia con las directrices del sello de calidad \u00abFair Recruitment Care Germany\u00bb. Sin embargo, si hay alguna discrepancia o si tiene alguna sugerencia para mejorar [&hellip;]<\/p>\n","protected":false},"author":1,"featured_media":0,"parent":0,"menu_order":0,"comment_status":"closed","ping_status":"closed","template":"","meta":{"footnotes":""},"class_list":["post-7445","page","type-page","status-publish","hentry"],"_links":{"self":[{"href":"https:\/\/kolping-recruiting.com\/es\/wp-json\/wp\/v2\/pages\/7445","targetHints":{"allow":["GET"]}}],"collection":[{"href":"https:\/\/kolping-recruiting.com\/es\/wp-json\/wp\/v2\/pages"}],"about":[{"href":"https:\/\/kolping-recruiting.com\/es\/wp-json\/wp\/v2\/types\/page"}],"author":[{"embeddable":true,"href":"https:\/\/kolping-recruiting.com\/es\/wp-json\/wp\/v2\/users\/1"}],"replies":[{"embeddable":true,"href":"https:\/\/kolping-recruiting.com\/es\/wp-json\/wp\/v2\/comments?post=7445"}],"version-history":[{"count":2,"href":"https:\/\/kolping-recruiting.com\/es\/wp-json\/wp\/v2\/pages\/7445\/revisions"}],"predecessor-version":[{"id":7473,"href":"https:\/\/kolping-recruiting.com\/es\/wp-json\/wp\/v2\/pages\/7445\/revisions\/7473"}],"wp:attachment":[{"href":"https:\/\/kolping-recruiting.com\/es\/wp-json\/wp\/v2\/media?parent=7445"}],"curies":[{"name":"wp","href":"https:\/\/api.w.org\/{rel}","templated":true}]}}